{"id":44,"date":"2023-03-03T13:45:13","date_gmt":"2023-03-03T13:45:13","guid":{"rendered":"https:\/\/visiokayak.fr\/?page_id=44"},"modified":"2023-05-09T11:41:51","modified_gmt":"2023-05-09T11:41:51","slug":"location-de-kayak-de-peche-avec-materiel-fournie","status":"publish","type":"page","link":"https:\/\/visiokayak.fr\/?page_id=44","title":{"rendered":"Location de kayak de p\u00eache"},"content":{"rendered":"\n<p>Nous vous livrons votre kayak directement au bord de l&rsquo;eau!!<\/p>\n\n\n\n<p>D\u00e9couvrez la sensation d&rsquo;une p\u00eache sportive \u00e0 bord d&rsquo;un kayak de p\u00eache totalement pr\u00e9-\u00e9quip\u00e9.<\/p>\n\n\n\n<p>P\u00eache \u00e0 la traine au bord des belles c\u00f4tes du Brusc de Bandol et de Six-Fours-Les-Plages. <\/p>\n\n\n\n<p>-Louez votre kayak de p\u00eache avec le mat\u00e9riel de traine qui est fourni. Maximum 2 personnes.<\/p>\n\n\n\n<p>-Avec guide de p\u00eache, louez votre kayak de p\u00eache avec le mat\u00e9riel de traine qui est fourni. p\u00eache sportive pour un maximum de prise, \u00e0 partir de 6h30 pour finir \u00e0 10h00. Maximum 1 personne<\/p>\n\n\n\n<div class=\"is-layout-flex wp-container-4 wp-block-columns\">\n<div class=\"is-layout-flow wp-block-column\">\n<figure class=\"wp-block-image size-large\"><img decoding=\"async\" loading=\"lazy\" width=\"768\" height=\"1024\" src=\"http:\/\/visiokayak.fr\/wp-content\/uploads\/2023\/04\/image_6487327-6-2-768x1024.jpg\" alt=\"\" class=\"wp-image-255\" srcset=\"https:\/\/visiokayak.fr\/wp-content\/uploads\/2023\/04\/image_6487327-6-2-768x1024.jpg 768w, https:\/\/visiokayak.fr\/wp-content\/uploads\/2023\/04\/image_6487327-6-2-225x300.jpg 225w, https:\/\/visiokayak.fr\/wp-content\/uploads\/2023\/04\/image_6487327-6-2-1152x1536.jpg 1152w, https:\/\/visiokayak.fr\/wp-content\/uploads\/2023\/04\/image_6487327-6-2-1536x2048.jpg 1536w, https:\/\/visiokayak.fr\/wp-content\/uploads\/2023\/04\/image_6487327-6-2-scaled.jpg 1920w\" sizes=\"(max-width: 768px) 100vw, 768px\" \/><\/figure>\n<\/div>\n\n\n\n<div class=\"is-layout-flow wp-block-column\">\n<figure class=\"wp-block-image size-large\"><img decoding=\"async\" loading=\"lazy\" width=\"768\" height=\"1024\" src=\"http:\/\/visiokayak.fr\/wp-content\/uploads\/2023\/04\/image_50410753-1-768x1024.jpg\" alt=\"\" class=\"wp-image-254\" srcset=\"https:\/\/visiokayak.fr\/wp-content\/uploads\/2023\/04\/image_50410753-1-768x1024.jpg 768w, https:\/\/visiokayak.fr\/wp-content\/uploads\/2023\/04\/image_50410753-1-225x300.jpg 225w, https:\/\/visiokayak.fr\/wp-content\/uploads\/2023\/04\/image_50410753-1-1152x1536.jpg 1152w, https:\/\/visiokayak.fr\/wp-content\/uploads\/2023\/04\/image_50410753-1-1536x2048.jpg 1536w, https:\/\/visiokayak.fr\/wp-content\/uploads\/2023\/04\/image_50410753-1-scaled.jpg 1920w\" sizes=\"(max-width: 768px) 100vw, 768px\" \/><\/figure>\n<\/div>\n\n\n\n<div class=\"is-layout-flow wp-block-column\">\n<figure class=\"wp-block-image size-large is-resized\"><img decoding=\"async\" loading=\"lazy\" src=\"https:\/\/visiokayak.fr\/wp-content\/uploads\/2023\/04\/image_6483441-550x1024.jpg\" alt=\"\" class=\"wp-image-268\" width=\"180\" height=\"335\" srcset=\"https:\/\/visiokayak.fr\/wp-content\/uploads\/2023\/04\/image_6483441-550x1024.jpg 550w, https:\/\/visiokayak.fr\/wp-content\/uploads\/2023\/04\/image_6483441-161x300.jpg 161w, https:\/\/visiokayak.fr\/wp-content\/uploads\/2023\/04\/image_6483441-768x1431.jpg 768w, https:\/\/visiokayak.fr\/wp-content\/uploads\/2023\/04\/image_6483441-824x1536.jpg 824w, https:\/\/visiokayak.fr\/wp-content\/uploads\/2023\/04\/image_6483441-1099x2048.jpg 1099w, https:\/\/visiokayak.fr\/wp-content\/uploads\/2023\/04\/image_6483441.jpg 1185w\" sizes=\"(max-width: 180px) 100vw, 180px\" \/><\/figure>\n<\/div>\n<\/div>\n\n\n\n<p>Tarification&nbsp;:<\/p>\n\n\n\n<p>-Sans guide de p\u00eache<\/p>\n\n\n\n<p>Deux heures kayak + mat\u00e9riel de p\u00eache: 60\u20ac<\/p>\n\n\n\n<p>Demi-journ\u00e9e kayak + mat\u00e9riel de p\u00eache: 80\u20ac<\/p>\n\n\n\n<p>Journ\u00e9e compl\u00e8te kayak + mat\u00e9riel de p\u00eache: 120\u20ac<\/p>\n\n\n\n<p><\/p>\n\n\n\n<p>-Avec guide de p\u00eache <\/p>\n\n\n\n<p>\u00c0 partir de 6h30 pour finir \u00e0 10h00 + mat\u00e9riel de p\u00eache: 120\u20ac<\/p>\n","protected":false},"excerpt":{"rendered":"<p>Nous vous livrons votre kayak directement au bord de l&rsquo;eau!! D\u00e9couvrez la sensation d&rsquo;une p\u00eache sportive \u00e0 bord d&rsquo;un kayak de p\u00eache totalement pr\u00e9-\u00e9quip\u00e9. P\u00eache \u00e0 la traine au bord des belles c\u00f4tes du Brusc de Bandol et de Six-Fours-Les-Plages. -Louez votre kayak de p\u00eache avec le mat\u00e9riel de traine qui est fourni. Maximum 2 &hellip; <\/p>\n<p class=\"link-more\"><a href=\"https:\/\/visiokayak.fr\/?page_id=44\" class=\"more-link\">Lire la suite de<span class=\"screen-reader-text\">\u00ab\u00a0Location de kayak de p\u00eache\u00a0\u00bb<\/span><\/a><\/p>\n","protected":false},"author":1,"featured_media":0,"parent":0,"menu_order":0,"comment_status":"closed","ping_status":"closed","template":"","meta":[],"yoast_head":"<!-- This site is optimized with the Yoast SEO plugin v20.3 - https:\/\/yoast.com\/wordpress\/plugins\/seo\/ -->\n<title>Location de kayak de p\u00eache - visiokayak<\/title>\n<meta name=\"description\" content=\"Location de kayak de p\u00eache avec mat\u00e9riel de p\u00eache fournie. Avec ou sans guide de p\u00eache. Six-Fours-Les-Plages Bandol Le Brusc\" \/>\n<meta name=\"robots\" content=\"index, follow, max-snippet:-1, max-image-preview:large, max-video-preview:-1\" \/>\n<link rel=\"canonical\" href=\"https:\/\/visiokayak.fr\/?page_id=44\" \/>\n<meta property=\"og:locale\" content=\"fr_FR\" \/>\n<meta property=\"og:type\" content=\"article\" \/>\n<meta property=\"og:title\" content=\"Location de kayak de p\u00eache - visiokayak\" \/>\n<meta property=\"og:description\" content=\"Location de kayak de p\u00eache avec mat\u00e9riel de p\u00eache fournie. Avec ou sans guide de p\u00eache. Six-Fours-Les-Plages Bandol Le Brusc\" \/>\n<meta property=\"og:url\" content=\"https:\/\/visiokayak.fr\/?page_id=44\" \/>\n<meta property=\"og:site_name\" content=\"visiokayak\" \/>\n<meta property=\"article:modified_time\" content=\"2023-05-09T11:41:51+00:00\" \/>\n<meta property=\"og:image\" content=\"http:\/\/visiokayak.fr\/wp-content\/uploads\/2023\/04\/image_6487327-6-2-768x1024.jpg\" \/>\n<meta name=\"twitter:card\" content=\"summary_large_image\" \/>\n<meta name=\"twitter:label1\" content=\"Dur\u00e9e de lecture estim\u00e9e\" \/>\n\t<meta name=\"twitter:data1\" content=\"2 minutes\" \/>\n<script type=\"application\/ld+json\" class=\"yoast-schema-graph\">{\"@context\":\"https:\/\/schema.org\",\"@graph\":[{\"@type\":\"WebPage\",\"@id\":\"https:\/\/visiokayak.fr\/?page_id=44\",\"url\":\"https:\/\/visiokayak.fr\/?page_id=44\",\"name\":\"Location de kayak de p\u00eache - visiokayak\",\"isPartOf\":{\"@id\":\"https:\/\/visiokayak.fr\/#website\"},\"datePublished\":\"2023-03-03T13:45:13+00:00\",\"dateModified\":\"2023-05-09T11:41:51+00:00\",\"description\":\"Location de kayak de p\u00eache avec mat\u00e9riel de p\u00eache fournie. Avec ou sans guide de p\u00eache. Six-Fours-Les-Plages Bandol Le Brusc\",\"breadcrumb\":{\"@id\":\"https:\/\/visiokayak.fr\/?page_id=44#breadcrumb\"},\"inLanguage\":\"fr-FR\",\"potentialAction\":[{\"@type\":\"ReadAction\",\"target\":[\"https:\/\/visiokayak.fr\/?page_id=44\"]}]},{\"@type\":\"BreadcrumbList\",\"@id\":\"https:\/\/visiokayak.fr\/?page_id=44#breadcrumb\",\"itemListElement\":[{\"@type\":\"ListItem\",\"position\":1,\"name\":\"Accueil\",\"item\":\"https:\/\/visiokayak.fr\/\"},{\"@type\":\"ListItem\",\"position\":2,\"name\":\"Location de kayak de p\u00eache\"}]},{\"@type\":\"WebSite\",\"@id\":\"https:\/\/visiokayak.fr\/#website\",\"url\":\"https:\/\/visiokayak.fr\/\",\"name\":\"visiokayak\",\"description\":\"essayez-les!! kayak transparent\",\"publisher\":{\"@id\":\"https:\/\/visiokayak.fr\/#organization\"},\"potentialAction\":[{\"@type\":\"SearchAction\",\"target\":{\"@type\":\"EntryPoint\",\"urlTemplate\":\"https:\/\/visiokayak.fr\/?s={search_term_string}\"},\"query-input\":\"required name=search_term_string\"}],\"inLanguage\":\"fr-FR\"},{\"@type\":\"Organization\",\"@id\":\"https:\/\/visiokayak.fr\/#organization\",\"name\":\"visiokayak\",\"url\":\"https:\/\/visiokayak.fr\/\",\"logo\":{\"@type\":\"ImageObject\",\"inLanguage\":\"fr-FR\",\"@id\":\"https:\/\/visiokayak.fr\/#\/schema\/logo\/image\/\",\"url\":\"https:\/\/visiokayak.fr\/wp-content\/uploads\/2023\/03\/170516-Sorgue-11-5.jpg\",\"contentUrl\":\"https:\/\/visiokayak.fr\/wp-content\/uploads\/2023\/03\/170516-Sorgue-11-5.jpg\",\"width\":1600,\"height\":1067,\"caption\":\"visiokayak\"},\"image\":{\"@id\":\"https:\/\/visiokayak.fr\/#\/schema\/logo\/image\/\"}}]}<\/script>\n<!-- \/ Yoast SEO plugin. -->","yoast_head_json":{"title":"Location de kayak de p\u00eache - visiokayak","description":"Location de kayak de p\u00eache avec mat\u00e9riel de p\u00eache fournie. Avec ou sans guide de p\u00eache. Six-Fours-Les-Plages Bandol Le Brusc","robots":{"index":"index","follow":"follow","max-snippet":"max-snippet:-1","max-image-preview":"max-image-preview:large","max-video-preview":"max-video-preview:-1"},"canonical":"https:\/\/visiokayak.fr\/?page_id=44","og_locale":"fr_FR","og_type":"article","og_title":"Location de kayak de p\u00eache - visiokayak","og_description":"Location de kayak de p\u00eache avec mat\u00e9riel de p\u00eache fournie. Avec ou sans guide de p\u00eache. Six-Fours-Les-Plages Bandol Le Brusc","og_url":"https:\/\/visiokayak.fr\/?page_id=44","og_site_name":"visiokayak","article_modified_time":"2023-05-09T11:41:51+00:00","og_image":[{"url":"http:\/\/visiokayak.fr\/wp-content\/uploads\/2023\/04\/image_6487327-6-2-768x1024.jpg"}],"twitter_card":"summary_large_image","twitter_misc":{"Dur\u00e9e de lecture estim\u00e9e":"2 minutes"},"schema":{"@context":"https:\/\/schema.org","@graph":[{"@type":"WebPage","@id":"https:\/\/visiokayak.fr\/?page_id=44","url":"https:\/\/visiokayak.fr\/?page_id=44","name":"Location de kayak de p\u00eache - visiokayak","isPartOf":{"@id":"https:\/\/visiokayak.fr\/#website"},"datePublished":"2023-03-03T13:45:13+00:00","dateModified":"2023-05-09T11:41:51+00:00","description":"Location de kayak de p\u00eache avec mat\u00e9riel de p\u00eache fournie. Avec ou sans guide de p\u00eache. Six-Fours-Les-Plages Bandol Le Brusc","breadcrumb":{"@id":"https:\/\/visiokayak.fr\/?page_id=44#breadcrumb"},"inLanguage":"fr-FR","potentialAction":[{"@type":"ReadAction","target":["https:\/\/visiokayak.fr\/?page_id=44"]}]},{"@type":"BreadcrumbList","@id":"https:\/\/visiokayak.fr\/?page_id=44#breadcrumb","itemListElement":[{"@type":"ListItem","position":1,"name":"Accueil","item":"https:\/\/visiokayak.fr\/"},{"@type":"ListItem","position":2,"name":"Location de kayak de p\u00eache"}]},{"@type":"WebSite","@id":"https:\/\/visiokayak.fr\/#website","url":"https:\/\/visiokayak.fr\/","name":"visiokayak","description":"essayez-les!! kayak transparent","publisher":{"@id":"https:\/\/visiokayak.fr\/#organization"},"potentialAction":[{"@type":"SearchAction","target":{"@type":"EntryPoint","urlTemplate":"https:\/\/visiokayak.fr\/?s={search_term_string}"},"query-input":"required name=search_term_string"}],"inLanguage":"fr-FR"},{"@type":"Organization","@id":"https:\/\/visiokayak.fr\/#organization","name":"visiokayak","url":"https:\/\/visiokayak.fr\/","logo":{"@type":"ImageObject","inLanguage":"fr-FR","@id":"https:\/\/visiokayak.fr\/#\/schema\/logo\/image\/","url":"https:\/\/visiokayak.fr\/wp-content\/uploads\/2023\/03\/170516-Sorgue-11-5.jpg","contentUrl":"https:\/\/visiokayak.fr\/wp-content\/uploads\/2023\/03\/170516-Sorgue-11-5.jpg","width":1600,"height":1067,"caption":"visiokayak"},"image":{"@id":"https:\/\/visiokayak.fr\/#\/schema\/logo\/image\/"}}]}},"_links":{"self":[{"href":"https:\/\/visiokayak.fr\/index.php?rest_route=\/wp\/v2\/pages\/44"}],"collection":[{"href":"https:\/\/visiokayak.fr\/index.php?rest_route=\/wp\/v2\/pages"}],"about":[{"href":"https:\/\/visiokayak.fr\/index.php?rest_route=\/wp\/v2\/types\/page"}],"author":[{"embeddable":true,"href":"https:\/\/visiokayak.fr\/index.php?rest_route=\/wp\/v2\/users\/1"}],"replies":[{"embeddable":true,"href":"https:\/\/visiokayak.fr\/index.php?rest_route=%2Fwp%2Fv2%2Fcomments&post=44"}],"version-history":[{"count":16,"href":"https:\/\/visiokayak.fr\/index.php?rest_route=\/wp\/v2\/pages\/44\/revisions"}],"predecessor-version":[{"id":277,"href":"https:\/\/visiokayak.fr\/index.php?rest_route=\/wp\/v2\/pages\/44\/revisions\/277"}],"wp:attachment":[{"href":"https:\/\/visiokayak.fr\/index.php?rest_route=%2Fwp%2Fv2%2Fmedia&parent=44"}],"curies":[{"name":"wp","href":"https:\/\/api.w.org\/{rel}","templated":true}]}}