{"id":42,"date":"2023-03-03T13:44:11","date_gmt":"2023-03-03T13:44:11","guid":{"rendered":"https:\/\/visiokayak.fr\/?page_id=42"},"modified":"2023-05-09T11:56:52","modified_gmt":"2023-05-09T11:56:52","slug":"location-de-paddles-transparents","status":"publish","type":"page","link":"https:\/\/visiokayak.fr\/?page_id=42","title":{"rendered":"Location de paddles transparents"},"content":{"rendered":"\n<p>Nous vous livrons votre kayak directement au bord de l&rsquo;eau!!<\/p>\n\n\n\n<p>Venez d\u00e9couvrir notre fond subaquatique \u00e0 bord de nos paddles transparent.<\/p>\n\n\n\n<p>Une pratique plus sportive, mais tout de m\u00eame tr\u00e8s agr\u00e9able pour les plus agiles.<\/p>\n\n\n\n<p>Paddle transparent, paga\u00efe et pochette t\u00e9l\u00e9phone \u00e9tanche pour capturer des souvenirs inoubliables.  <\/p>\n\n\n\n<div class=\"is-layout-flex wp-container-4 wp-block-columns\">\n<div class=\"is-layout-flow wp-block-column\">\n<figure class=\"wp-block-image size-large\"><img decoding=\"async\" loading=\"lazy\" width=\"768\" height=\"1024\" src=\"https:\/\/visiokayak.fr\/wp-content\/uploads\/2023\/05\/image_6483441-3-768x1024.jpg\" alt=\"\" class=\"wp-image-283\" srcset=\"https:\/\/visiokayak.fr\/wp-content\/uploads\/2023\/05\/image_6483441-3-768x1024.jpg 768w, https:\/\/visiokayak.fr\/wp-content\/uploads\/2023\/05\/image_6483441-3-225x300.jpg 225w, https:\/\/visiokayak.fr\/wp-content\/uploads\/2023\/05\/image_6483441-3-1152x1536.jpg 1152w, https:\/\/visiokayak.fr\/wp-content\/uploads\/2023\/05\/image_6483441-3-1536x2048.jpg 1536w, https:\/\/visiokayak.fr\/wp-content\/uploads\/2023\/05\/image_6483441-3.jpg 1656w\" sizes=\"(max-width: 768px) 100vw, 768px\" \/><\/figure>\n<\/div>\n\n\n\n<div class=\"is-layout-flow wp-block-column\">\n<figure class=\"wp-block-image size-large\"><img decoding=\"async\" loading=\"lazy\" width=\"768\" height=\"1024\" src=\"https:\/\/visiokayak.fr\/wp-content\/uploads\/2023\/05\/image_6483441-2-768x1024.jpg\" alt=\"\" class=\"wp-image-281\" srcset=\"https:\/\/visiokayak.fr\/wp-content\/uploads\/2023\/05\/image_6483441-2-768x1024.jpg 768w, https:\/\/visiokayak.fr\/wp-content\/uploads\/2023\/05\/image_6483441-2-225x300.jpg 225w, https:\/\/visiokayak.fr\/wp-content\/uploads\/2023\/05\/image_6483441-2-1152x1536.jpg 1152w, https:\/\/visiokayak.fr\/wp-content\/uploads\/2023\/05\/image_6483441-2-1536x2048.jpg 1536w, https:\/\/visiokayak.fr\/wp-content\/uploads\/2023\/05\/image_6483441-2.jpg 1656w\" sizes=\"(max-width: 768px) 100vw, 768px\" \/><\/figure>\n<\/div>\n\n\n\n<div class=\"is-layout-flow wp-block-column\">\n<figure class=\"wp-block-image size-large\"><img decoding=\"async\" loading=\"lazy\" width=\"768\" height=\"1024\" src=\"https:\/\/visiokayak.fr\/wp-content\/uploads\/2023\/05\/image_6483441-1-768x1024.jpg\" alt=\"\" class=\"wp-image-280\" srcset=\"https:\/\/visiokayak.fr\/wp-content\/uploads\/2023\/05\/image_6483441-1-768x1024.jpg 768w, https:\/\/visiokayak.fr\/wp-content\/uploads\/2023\/05\/image_6483441-1-225x300.jpg 225w, https:\/\/visiokayak.fr\/wp-content\/uploads\/2023\/05\/image_6483441-1-1152x1536.jpg 1152w, https:\/\/visiokayak.fr\/wp-content\/uploads\/2023\/05\/image_6483441-1-1536x2048.jpg 1536w, https:\/\/visiokayak.fr\/wp-content\/uploads\/2023\/05\/image_6483441-1.jpg 1656w\" sizes=\"(max-width: 768px) 100vw, 768px\" \/><\/figure>\n<\/div>\n<\/div>\n\n\n\n<p>Tarification par paddle:<\/p>\n\n\n\n<p>&#8211; Deux heure 35\u20ac<\/p>\n\n\n\n<p>&#8211; Demi-journ\u00e9e 55\u20ac<\/p>\n\n\n\n<p>&#8211; Journ\u00e9e 85\u20ac<\/p>\n\n\n\n<p>suppl\u00e9ment:<\/p>\n\n\n\n<p>&#8211; Boisson \u00e0 demander sur place <\/p>\n\n\n\n<p>&#8211; Salade de fruits fraiche \u00e0 commander \u00e0 l&rsquo;avance.<\/p>\n","protected":false},"excerpt":{"rendered":"<p>Nous vous livrons votre kayak directement au bord de l&rsquo;eau!! Venez d\u00e9couvrir notre fond subaquatique \u00e0 bord de nos paddles transparent. Une pratique plus sportive, mais tout de m\u00eame tr\u00e8s agr\u00e9able pour les plus agiles. Paddle transparent, paga\u00efe et pochette t\u00e9l\u00e9phone \u00e9tanche pour capturer des souvenirs inoubliables. Tarification par paddle: &#8211; Deux heure 35\u20ac &#8211; &hellip; <\/p>\n<p class=\"link-more\"><a href=\"https:\/\/visiokayak.fr\/?page_id=42\" class=\"more-link\">Lire la suite de<span class=\"screen-reader-text\">\u00ab\u00a0Location de paddles transparents\u00a0\u00bb<\/span><\/a><\/p>\n","protected":false},"author":1,"featured_media":0,"parent":0,"menu_order":0,"comment_status":"closed","ping_status":"closed","template":"","meta":[],"yoast_head":"<!-- This site is optimized with the Yoast SEO plugin v20.3 - https:\/\/yoast.com\/wordpress\/plugins\/seo\/ -->\n<title>Location de paddles transparents - visiokayak<\/title>\n<meta name=\"description\" content=\"Location paddles transparents \u00e0 Six-Fours-Les-Plages Bandol Le Brusc Le Var. Nous vous livrons votre paddles au bord de l&#039;eau.\" \/>\n<meta name=\"robots\" content=\"index, follow, max-snippet:-1, max-image-preview:large, max-video-preview:-1\" \/>\n<link rel=\"canonical\" href=\"https:\/\/visiokayak.fr\/?page_id=42\" \/>\n<meta property=\"og:locale\" content=\"fr_FR\" \/>\n<meta property=\"og:type\" content=\"article\" \/>\n<meta property=\"og:title\" content=\"Location de paddles transparents - visiokayak\" \/>\n<meta property=\"og:description\" content=\"Location paddles transparents \u00e0 Six-Fours-Les-Plages Bandol Le Brusc Le Var. Nous vous livrons votre paddles au bord de l&#039;eau.\" \/>\n<meta property=\"og:url\" content=\"https:\/\/visiokayak.fr\/?page_id=42\" \/>\n<meta property=\"og:site_name\" content=\"visiokayak\" \/>\n<meta property=\"article:modified_time\" content=\"2023-05-09T11:56:52+00:00\" \/>\n<meta property=\"og:image\" content=\"https:\/\/visiokayak.fr\/wp-content\/uploads\/2023\/05\/image_6483441-3-768x1024.jpg\" \/>\n<meta name=\"twitter:card\" content=\"summary_large_image\" \/>\n<meta name=\"twitter:label1\" content=\"Dur\u00e9e de lecture estim\u00e9e\" \/>\n\t<meta name=\"twitter:data1\" content=\"1 minute\" \/>\n<script type=\"application\/ld+json\" class=\"yoast-schema-graph\">{\"@context\":\"https:\/\/schema.org\",\"@graph\":[{\"@type\":\"WebPage\",\"@id\":\"https:\/\/visiokayak.fr\/?page_id=42\",\"url\":\"https:\/\/visiokayak.fr\/?page_id=42\",\"name\":\"Location de paddles transparents - visiokayak\",\"isPartOf\":{\"@id\":\"https:\/\/visiokayak.fr\/#website\"},\"datePublished\":\"2023-03-03T13:44:11+00:00\",\"dateModified\":\"2023-05-09T11:56:52+00:00\",\"description\":\"Location paddles transparents \u00e0 Six-Fours-Les-Plages Bandol Le Brusc Le Var. Nous vous livrons votre paddles au bord de l'eau.\",\"breadcrumb\":{\"@id\":\"https:\/\/visiokayak.fr\/?page_id=42#breadcrumb\"},\"inLanguage\":\"fr-FR\",\"potentialAction\":[{\"@type\":\"ReadAction\",\"target\":[\"https:\/\/visiokayak.fr\/?page_id=42\"]}]},{\"@type\":\"BreadcrumbList\",\"@id\":\"https:\/\/visiokayak.fr\/?page_id=42#breadcrumb\",\"itemListElement\":[{\"@type\":\"ListItem\",\"position\":1,\"name\":\"Accueil\",\"item\":\"https:\/\/visiokayak.fr\/\"},{\"@type\":\"ListItem\",\"position\":2,\"name\":\"Location de paddles transparents\"}]},{\"@type\":\"WebSite\",\"@id\":\"https:\/\/visiokayak.fr\/#website\",\"url\":\"https:\/\/visiokayak.fr\/\",\"name\":\"visiokayak\",\"description\":\"essayez-les!! kayak transparent\",\"publisher\":{\"@id\":\"https:\/\/visiokayak.fr\/#organization\"},\"potentialAction\":[{\"@type\":\"SearchAction\",\"target\":{\"@type\":\"EntryPoint\",\"urlTemplate\":\"https:\/\/visiokayak.fr\/?s={search_term_string}\"},\"query-input\":\"required name=search_term_string\"}],\"inLanguage\":\"fr-FR\"},{\"@type\":\"Organization\",\"@id\":\"https:\/\/visiokayak.fr\/#organization\",\"name\":\"visiokayak\",\"url\":\"https:\/\/visiokayak.fr\/\",\"logo\":{\"@type\":\"ImageObject\",\"inLanguage\":\"fr-FR\",\"@id\":\"https:\/\/visiokayak.fr\/#\/schema\/logo\/image\/\",\"url\":\"https:\/\/visiokayak.fr\/wp-content\/uploads\/2023\/03\/170516-Sorgue-11-5.jpg\",\"contentUrl\":\"https:\/\/visiokayak.fr\/wp-content\/uploads\/2023\/03\/170516-Sorgue-11-5.jpg\",\"width\":1600,\"height\":1067,\"caption\":\"visiokayak\"},\"image\":{\"@id\":\"https:\/\/visiokayak.fr\/#\/schema\/logo\/image\/\"}}]}<\/script>\n<!-- \/ Yoast SEO plugin. -->","yoast_head_json":{"title":"Location de paddles transparents - visiokayak","description":"Location paddles transparents \u00e0 Six-Fours-Les-Plages Bandol Le Brusc Le Var. Nous vous livrons votre paddles au bord de l'eau.","robots":{"index":"index","follow":"follow","max-snippet":"max-snippet:-1","max-image-preview":"max-image-preview:large","max-video-preview":"max-video-preview:-1"},"canonical":"https:\/\/visiokayak.fr\/?page_id=42","og_locale":"fr_FR","og_type":"article","og_title":"Location de paddles transparents - visiokayak","og_description":"Location paddles transparents \u00e0 Six-Fours-Les-Plages Bandol Le Brusc Le Var. Nous vous livrons votre paddles au bord de l'eau.","og_url":"https:\/\/visiokayak.fr\/?page_id=42","og_site_name":"visiokayak","article_modified_time":"2023-05-09T11:56:52+00:00","og_image":[{"url":"https:\/\/visiokayak.fr\/wp-content\/uploads\/2023\/05\/image_6483441-3-768x1024.jpg"}],"twitter_card":"summary_large_image","twitter_misc":{"Dur\u00e9e de lecture estim\u00e9e":"1 minute"},"schema":{"@context":"https:\/\/schema.org","@graph":[{"@type":"WebPage","@id":"https:\/\/visiokayak.fr\/?page_id=42","url":"https:\/\/visiokayak.fr\/?page_id=42","name":"Location de paddles transparents - visiokayak","isPartOf":{"@id":"https:\/\/visiokayak.fr\/#website"},"datePublished":"2023-03-03T13:44:11+00:00","dateModified":"2023-05-09T11:56:52+00:00","description":"Location paddles transparents \u00e0 Six-Fours-Les-Plages Bandol Le Brusc Le Var. Nous vous livrons votre paddles au bord de l'eau.","breadcrumb":{"@id":"https:\/\/visiokayak.fr\/?page_id=42#breadcrumb"},"inLanguage":"fr-FR","potentialAction":[{"@type":"ReadAction","target":["https:\/\/visiokayak.fr\/?page_id=42"]}]},{"@type":"BreadcrumbList","@id":"https:\/\/visiokayak.fr\/?page_id=42#breadcrumb","itemListElement":[{"@type":"ListItem","position":1,"name":"Accueil","item":"https:\/\/visiokayak.fr\/"},{"@type":"ListItem","position":2,"name":"Location de paddles transparents"}]},{"@type":"WebSite","@id":"https:\/\/visiokayak.fr\/#website","url":"https:\/\/visiokayak.fr\/","name":"visiokayak","description":"essayez-les!! kayak transparent","publisher":{"@id":"https:\/\/visiokayak.fr\/#organization"},"potentialAction":[{"@type":"SearchAction","target":{"@type":"EntryPoint","urlTemplate":"https:\/\/visiokayak.fr\/?s={search_term_string}"},"query-input":"required name=search_term_string"}],"inLanguage":"fr-FR"},{"@type":"Organization","@id":"https:\/\/visiokayak.fr\/#organization","name":"visiokayak","url":"https:\/\/visiokayak.fr\/","logo":{"@type":"ImageObject","inLanguage":"fr-FR","@id":"https:\/\/visiokayak.fr\/#\/schema\/logo\/image\/","url":"https:\/\/visiokayak.fr\/wp-content\/uploads\/2023\/03\/170516-Sorgue-11-5.jpg","contentUrl":"https:\/\/visiokayak.fr\/wp-content\/uploads\/2023\/03\/170516-Sorgue-11-5.jpg","width":1600,"height":1067,"caption":"visiokayak"},"image":{"@id":"https:\/\/visiokayak.fr\/#\/schema\/logo\/image\/"}}]}},"_links":{"self":[{"href":"https:\/\/visiokayak.fr\/index.php?rest_route=\/wp\/v2\/pages\/42"}],"collection":[{"href":"https:\/\/visiokayak.fr\/index.php?rest_route=\/wp\/v2\/pages"}],"about":[{"href":"https:\/\/visiokayak.fr\/index.php?rest_route=\/wp\/v2\/types\/page"}],"author":[{"embeddable":true,"href":"https:\/\/visiokayak.fr\/index.php?rest_route=\/wp\/v2\/users\/1"}],"replies":[{"embeddable":true,"href":"https:\/\/visiokayak.fr\/index.php?rest_route=%2Fwp%2Fv2%2Fcomments&post=42"}],"version-history":[{"count":11,"href":"https:\/\/visiokayak.fr\/index.php?rest_route=\/wp\/v2\/pages\/42\/revisions"}],"predecessor-version":[{"id":284,"href":"https:\/\/visiokayak.fr\/index.php?rest_route=\/wp\/v2\/pages\/42\/revisions\/284"}],"wp:attachment":[{"href":"https:\/\/visiokayak.fr\/index.php?rest_route=%2Fwp%2Fv2%2Fmedia&parent=42"}],"curies":[{"name":"wp","href":"https:\/\/api.w.org\/{rel}","templated":true}]}}