{"id":40,"date":"2023-03-03T13:43:33","date_gmt":"2023-03-03T13:43:33","guid":{"rendered":"https:\/\/visiokayak.fr\/?page_id=40"},"modified":"2024-06-29T13:00:08","modified_gmt":"2024-06-29T13:00:08","slug":"location-de-kayak-transparents-six-fours-les-plages-bandol-le-brusc-le-var","status":"publish","type":"page","link":"https:\/\/visiokayak.fr\/?page_id=40","title":{"rendered":"Location de kayak transparent"},"content":{"rendered":"\n<p>Nous vous livrons votre kayak directement au bord de l&rsquo;eau!!<\/p>\n\n\n\n<p>N&rsquo;attendez plus\u202fet contactez nous pour prendre un rendez-vous<\/p>\n\n\n\n<p>Louer votre kayak transparent seul ou \u00e0 plusieurs.<\/p>\n\n\n\n<p>&#8211; Cano\u00eb kayak 2 places, avec pagaies, poche \u00e9tanche pour le t\u00e9l\u00e9phone, sac \u00e9tanche.<\/p>\n\n\n\n<div class=\"is-layout-flex wp-container-4 wp-block-columns\">\n<div class=\"is-layout-flow wp-block-column\">\n<figure class=\"wp-block-image size-large\"><img decoding=\"async\" loading=\"lazy\" width=\"768\" height=\"1024\" src=\"http:\/\/visiokayak.fr\/wp-content\/uploads\/2023\/04\/image_67230465-768x1024.jpg\" alt=\"\" class=\"wp-image-247\" srcset=\"https:\/\/visiokayak.fr\/wp-content\/uploads\/2023\/04\/image_67230465-768x1024.jpg 768w, https:\/\/visiokayak.fr\/wp-content\/uploads\/2023\/04\/image_67230465-225x300.jpg 225w, https:\/\/visiokayak.fr\/wp-content\/uploads\/2023\/04\/image_67230465-1152x1536.jpg 1152w, https:\/\/visiokayak.fr\/wp-content\/uploads\/2023\/04\/image_67230465-1536x2048.jpg 1536w, https:\/\/visiokayak.fr\/wp-content\/uploads\/2023\/04\/image_67230465-scaled.jpg 1920w\" sizes=\"(max-width: 768px) 100vw, 768px\" \/><\/figure>\n<\/div>\n\n\n\n<div class=\"is-layout-flow wp-block-column\">\n<figure class=\"wp-block-image size-large\"><img decoding=\"async\" loading=\"lazy\" width=\"768\" height=\"1024\" src=\"https:\/\/visiokayak.fr\/wp-content\/uploads\/2023\/05\/image_6483441-4-768x1024.jpg\" alt=\"\" class=\"wp-image-285\" srcset=\"https:\/\/visiokayak.fr\/wp-content\/uploads\/2023\/05\/image_6483441-4-768x1024.jpg 768w, https:\/\/visiokayak.fr\/wp-content\/uploads\/2023\/05\/image_6483441-4-225x300.jpg 225w, https:\/\/visiokayak.fr\/wp-content\/uploads\/2023\/05\/image_6483441-4-1152x1536.jpg 1152w, https:\/\/visiokayak.fr\/wp-content\/uploads\/2023\/05\/image_6483441-4-1536x2048.jpg 1536w, https:\/\/visiokayak.fr\/wp-content\/uploads\/2023\/05\/image_6483441-4.jpg 1656w\" sizes=\"(max-width: 768px) 100vw, 768px\" \/><\/figure>\n<\/div>\n\n\n\n<div class=\"is-layout-flow wp-block-column\">\n<figure class=\"wp-block-image size-large is-resized\"><img decoding=\"async\" loading=\"lazy\" src=\"https:\/\/visiokayak.fr\/wp-content\/uploads\/2023\/04\/image_6487327-7-995x1024.jpg\" alt=\"\" class=\"wp-image-259\" width=\"260\" height=\"267\" srcset=\"https:\/\/visiokayak.fr\/wp-content\/uploads\/2023\/04\/image_6487327-7-995x1024.jpg 995w, https:\/\/visiokayak.fr\/wp-content\/uploads\/2023\/04\/image_6487327-7-291x300.jpg 291w, https:\/\/visiokayak.fr\/wp-content\/uploads\/2023\/04\/image_6487327-7-768x791.jpg 768w, https:\/\/visiokayak.fr\/wp-content\/uploads\/2023\/04\/image_6487327-7-1492x1536.jpg 1492w, https:\/\/visiokayak.fr\/wp-content\/uploads\/2023\/04\/image_6487327-7-1989x2048.jpg 1989w\" sizes=\"(max-width: 260px) 100vw, 260px\" \/><\/figure>\n<\/div>\n<\/div>\n\n\n\n<p>Tarification&nbsp;:<\/p>\n\n\n\n<p>&#8211; Deux heures 40\u20ac par kayak<\/p>\n\n\n\n<p>&#8211; Demi-journ\u00e9e 60\u20ac<\/p>\n\n\n\n<p>&#8211; Journ\u00e9e compl\u00e8te 90\u20ac<\/p>\n\n\n\n<p>Suppl\u00e9ment&nbsp;:<\/p>\n\n\n\n<p>&#8211; Boisson \u00e0 demander sur place <\/p>\n\n\n\n<p>&#8211; Salade de fruits \u00e0 commander \u00e0 l&rsquo;avance     <\/p>\n\n\n\n<figure class=\"wp-block-image\"><img alt=\"\"\/><\/figure>\n\n\n\n<figure class=\"wp-block-image\"><img alt=\"\"\/><\/figure>\n","protected":false},"excerpt":{"rendered":"<p>Nous vous livrons votre kayak directement au bord de l&rsquo;eau!! N&rsquo;attendez plus\u202fet contactez nous pour prendre un rendez-vous Louer votre kayak transparent seul ou \u00e0 plusieurs. &#8211; Cano\u00eb kayak 2 places, avec pagaies, poche \u00e9tanche pour le t\u00e9l\u00e9phone, sac \u00e9tanche. Tarification&nbsp;: &#8211; Deux heures 40\u20ac par kayak &#8211; Demi-journ\u00e9e 60\u20ac &#8211; Journ\u00e9e compl\u00e8te 90\u20ac Suppl\u00e9ment&nbsp;: &hellip; <\/p>\n<p class=\"link-more\"><a href=\"https:\/\/visiokayak.fr\/?page_id=40\" class=\"more-link\">Lire la suite de<span class=\"screen-reader-text\">\u00ab\u00a0Location de kayak transparent\u00a0\u00bb<\/span><\/a><\/p>\n","protected":false},"author":1,"featured_media":0,"parent":0,"menu_order":0,"comment_status":"closed","ping_status":"closed","template":"","meta":[],"yoast_head":"<!-- This site is optimized with the Yoast SEO plugin v20.3 - https:\/\/yoast.com\/wordpress\/plugins\/seo\/ -->\n<title>Location de cano\u00eb kayaks et paddles transparents<\/title>\n<meta name=\"description\" content=\"Location de cano\u00eb kayaks paddles transparents \u00e0 Six-Fours-Les-Plages Bandol Le Brusc Le Var. Nous vous livrons votre kayak au bord de l&#039;eau.\" \/>\n<meta name=\"robots\" content=\"index, follow, max-snippet:-1, max-image-preview:large, max-video-preview:-1\" \/>\n<link rel=\"canonical\" href=\"https:\/\/visiokayak.fr\/?page_id=40\" \/>\n<meta property=\"og:locale\" content=\"fr_FR\" \/>\n<meta property=\"og:type\" content=\"article\" \/>\n<meta property=\"og:title\" content=\"Location de cano\u00eb kayaks et paddles transparents\" \/>\n<meta property=\"og:description\" content=\"Location de cano\u00eb kayaks paddles transparents \u00e0 Six-Fours-Les-Plages Bandol Le Brusc Le Var. Nous vous livrons votre kayak au bord de l&#039;eau.\" \/>\n<meta property=\"og:url\" content=\"https:\/\/visiokayak.fr\/?page_id=40\" \/>\n<meta property=\"og:site_name\" content=\"visiokayak\" \/>\n<meta property=\"article:modified_time\" content=\"2024-06-29T13:00:08+00:00\" \/>\n<meta property=\"og:image\" content=\"http:\/\/visiokayak.fr\/wp-content\/uploads\/2023\/04\/image_67230465-768x1024.jpg\" \/>\n<meta name=\"twitter:card\" content=\"summary_large_image\" \/>\n<meta name=\"twitter:label1\" content=\"Dur\u00e9e de lecture estim\u00e9e\" \/>\n\t<meta name=\"twitter:data1\" content=\"2 minutes\" \/>\n<script type=\"application\/ld+json\" class=\"yoast-schema-graph\">{\"@context\":\"https:\/\/schema.org\",\"@graph\":[{\"@type\":\"WebPage\",\"@id\":\"https:\/\/visiokayak.fr\/?page_id=40\",\"url\":\"https:\/\/visiokayak.fr\/?page_id=40\",\"name\":\"Location de cano\u00eb kayaks et paddles transparents\",\"isPartOf\":{\"@id\":\"https:\/\/visiokayak.fr\/#website\"},\"datePublished\":\"2023-03-03T13:43:33+00:00\",\"dateModified\":\"2024-06-29T13:00:08+00:00\",\"description\":\"Location de cano\u00eb kayaks paddles transparents \u00e0 Six-Fours-Les-Plages Bandol Le Brusc Le Var. Nous vous livrons votre kayak au bord de l'eau.\",\"breadcrumb\":{\"@id\":\"https:\/\/visiokayak.fr\/?page_id=40#breadcrumb\"},\"inLanguage\":\"fr-FR\",\"potentialAction\":[{\"@type\":\"ReadAction\",\"target\":[\"https:\/\/visiokayak.fr\/?page_id=40\"]}]},{\"@type\":\"BreadcrumbList\",\"@id\":\"https:\/\/visiokayak.fr\/?page_id=40#breadcrumb\",\"itemListElement\":[{\"@type\":\"ListItem\",\"position\":1,\"name\":\"Accueil\",\"item\":\"https:\/\/visiokayak.fr\/\"},{\"@type\":\"ListItem\",\"position\":2,\"name\":\"Location de kayak transparent\"}]},{\"@type\":\"WebSite\",\"@id\":\"https:\/\/visiokayak.fr\/#website\",\"url\":\"https:\/\/visiokayak.fr\/\",\"name\":\"visiokayak\",\"description\":\"essayez-les!! kayak transparent\",\"publisher\":{\"@id\":\"https:\/\/visiokayak.fr\/#organization\"},\"potentialAction\":[{\"@type\":\"SearchAction\",\"target\":{\"@type\":\"EntryPoint\",\"urlTemplate\":\"https:\/\/visiokayak.fr\/?s={search_term_string}\"},\"query-input\":\"required name=search_term_string\"}],\"inLanguage\":\"fr-FR\"},{\"@type\":\"Organization\",\"@id\":\"https:\/\/visiokayak.fr\/#organization\",\"name\":\"visiokayak\",\"url\":\"https:\/\/visiokayak.fr\/\",\"logo\":{\"@type\":\"ImageObject\",\"inLanguage\":\"fr-FR\",\"@id\":\"https:\/\/visiokayak.fr\/#\/schema\/logo\/image\/\",\"url\":\"https:\/\/visiokayak.fr\/wp-content\/uploads\/2023\/03\/170516-Sorgue-11-5.jpg\",\"contentUrl\":\"https:\/\/visiokayak.fr\/wp-content\/uploads\/2023\/03\/170516-Sorgue-11-5.jpg\",\"width\":1600,\"height\":1067,\"caption\":\"visiokayak\"},\"image\":{\"@id\":\"https:\/\/visiokayak.fr\/#\/schema\/logo\/image\/\"}}]}<\/script>\n<!-- \/ Yoast SEO plugin. -->","yoast_head_json":{"title":"Location de cano\u00eb kayaks et paddles transparents","description":"Location de cano\u00eb kayaks paddles transparents \u00e0 Six-Fours-Les-Plages Bandol Le Brusc Le Var. Nous vous livrons votre kayak au bord de l'eau.","robots":{"index":"index","follow":"follow","max-snippet":"max-snippet:-1","max-image-preview":"max-image-preview:large","max-video-preview":"max-video-preview:-1"},"canonical":"https:\/\/visiokayak.fr\/?page_id=40","og_locale":"fr_FR","og_type":"article","og_title":"Location de cano\u00eb kayaks et paddles transparents","og_description":"Location de cano\u00eb kayaks paddles transparents \u00e0 Six-Fours-Les-Plages Bandol Le Brusc Le Var. Nous vous livrons votre kayak au bord de l'eau.","og_url":"https:\/\/visiokayak.fr\/?page_id=40","og_site_name":"visiokayak","article_modified_time":"2024-06-29T13:00:08+00:00","og_image":[{"url":"http:\/\/visiokayak.fr\/wp-content\/uploads\/2023\/04\/image_67230465-768x1024.jpg"}],"twitter_card":"summary_large_image","twitter_misc":{"Dur\u00e9e de lecture estim\u00e9e":"2 minutes"},"schema":{"@context":"https:\/\/schema.org","@graph":[{"@type":"WebPage","@id":"https:\/\/visiokayak.fr\/?page_id=40","url":"https:\/\/visiokayak.fr\/?page_id=40","name":"Location de cano\u00eb kayaks et paddles transparents","isPartOf":{"@id":"https:\/\/visiokayak.fr\/#website"},"datePublished":"2023-03-03T13:43:33+00:00","dateModified":"2024-06-29T13:00:08+00:00","description":"Location de cano\u00eb kayaks paddles transparents \u00e0 Six-Fours-Les-Plages Bandol Le Brusc Le Var. Nous vous livrons votre kayak au bord de l'eau.","breadcrumb":{"@id":"https:\/\/visiokayak.fr\/?page_id=40#breadcrumb"},"inLanguage":"fr-FR","potentialAction":[{"@type":"ReadAction","target":["https:\/\/visiokayak.fr\/?page_id=40"]}]},{"@type":"BreadcrumbList","@id":"https:\/\/visiokayak.fr\/?page_id=40#breadcrumb","itemListElement":[{"@type":"ListItem","position":1,"name":"Accueil","item":"https:\/\/visiokayak.fr\/"},{"@type":"ListItem","position":2,"name":"Location de kayak transparent"}]},{"@type":"WebSite","@id":"https:\/\/visiokayak.fr\/#website","url":"https:\/\/visiokayak.fr\/","name":"visiokayak","description":"essayez-les!! kayak transparent","publisher":{"@id":"https:\/\/visiokayak.fr\/#organization"},"potentialAction":[{"@type":"SearchAction","target":{"@type":"EntryPoint","urlTemplate":"https:\/\/visiokayak.fr\/?s={search_term_string}"},"query-input":"required name=search_term_string"}],"inLanguage":"fr-FR"},{"@type":"Organization","@id":"https:\/\/visiokayak.fr\/#organization","name":"visiokayak","url":"https:\/\/visiokayak.fr\/","logo":{"@type":"ImageObject","inLanguage":"fr-FR","@id":"https:\/\/visiokayak.fr\/#\/schema\/logo\/image\/","url":"https:\/\/visiokayak.fr\/wp-content\/uploads\/2023\/03\/170516-Sorgue-11-5.jpg","contentUrl":"https:\/\/visiokayak.fr\/wp-content\/uploads\/2023\/03\/170516-Sorgue-11-5.jpg","width":1600,"height":1067,"caption":"visiokayak"},"image":{"@id":"https:\/\/visiokayak.fr\/#\/schema\/logo\/image\/"}}]}},"_links":{"self":[{"href":"https:\/\/visiokayak.fr\/index.php?rest_route=\/wp\/v2\/pages\/40"}],"collection":[{"href":"https:\/\/visiokayak.fr\/index.php?rest_route=\/wp\/v2\/pages"}],"about":[{"href":"https:\/\/visiokayak.fr\/index.php?rest_route=\/wp\/v2\/types\/page"}],"author":[{"embeddable":true,"href":"https:\/\/visiokayak.fr\/index.php?rest_route=\/wp\/v2\/users\/1"}],"replies":[{"embeddable":true,"href":"https:\/\/visiokayak.fr\/index.php?rest_route=%2Fwp%2Fv2%2Fcomments&post=40"}],"version-history":[{"count":14,"href":"https:\/\/visiokayak.fr\/index.php?rest_route=\/wp\/v2\/pages\/40\/revisions"}],"predecessor-version":[{"id":286,"href":"https:\/\/visiokayak.fr\/index.php?rest_route=\/wp\/v2\/pages\/40\/revisions\/286"}],"wp:attachment":[{"href":"https:\/\/visiokayak.fr\/index.php?rest_route=%2Fwp%2Fv2%2Fmedia&parent=40"}],"curies":[{"name":"wp","href":"https:\/\/api.w.org\/{rel}","templated":true}]}}