{"id":14,"date":"2023-03-03T13:21:26","date_gmt":"2023-03-03T13:21:26","guid":{"rendered":"https:\/\/visiokayak.fr\/?page_id=14"},"modified":"2024-06-29T12:57:50","modified_gmt":"2024-06-29T12:57:50","slug":"contact","status":"publish","type":"page","link":"https:\/\/visiokayak.fr\/?page_id=14","title":{"rendered":"Contact"},"content":{"rendered":"\n<p>Nous sommes impatients de discuter avec vous de vos besoins en mati\u00e8re de location de kayaks et paddles. Si vous avez des questions, des pr\u00e9occupations ou si vous souhaitez simplement en savoir plus sur nos services, n&rsquo;h\u00e9sitez pas \u00e0 nous contacter par t\u00e9l\u00e9phone.<\/p>\n\n\n\n<p>Nos repr\u00e9sentants sont disponibles pour r\u00e9pondre \u00e0 vos appels 7J\/7J de 8h \u00e0 21h. Nous serons heureux de vous aider \u00e0 planifier votre prochaine excursion et de r\u00e9pondre \u00e0 toutes vos questions sur les tarifs, les itin\u00e9raires et les conditions de location.<\/p>\n\n\n\n<p>Appelez-nous d\u00e8s maintenant au 07 61 62 67 00.<\/p>\n\n\n\n<p><\/p>\n\n\n\n<div class=\"wp-block-contact-form-7-contact-form-selector\">\n<div class=\"wpcf7 no-js\" id=\"wpcf7-f133-o1\" lang=\"fr-FR\" dir=\"ltr\">\n<div class=\"screen-reader-response\"><p role=\"status\" aria-live=\"polite\" aria-atomic=\"true\"><\/p> <ul><\/ul><\/div>\n<form action=\"\/index.php?rest_route=%2Fwp%2Fv2%2Fpages%2F14#wpcf7-f133-o1\" method=\"post\" class=\"wpcf7-form init\" aria-label=\"Formulaire de contact\" novalidate=\"novalidate\" data-status=\"init\">\n<div style=\"display: none;\">\n<input type=\"hidden\" name=\"_wpcf7\" value=\"133\" \/>\n<input type=\"hidden\" name=\"_wpcf7_version\" value=\"5.7.4\" \/>\n<input type=\"hidden\" name=\"_wpcf7_locale\" value=\"fr_FR\" \/>\n<input type=\"hidden\" name=\"_wpcf7_unit_tag\" value=\"wpcf7-f133-o1\" \/>\n<input type=\"hidden\" name=\"_wpcf7_container_post\" value=\"0\" \/>\n<input type=\"hidden\" name=\"_wpcf7_posted_data_hash\" value=\"\" \/>\n<\/div>\n<p><label> Votre nom<br \/>\n<span class=\"wpcf7-form-control-wrap\" data-name=\"your-name\"><input size=\"40\" class=\"wpcf7-form-control wpcf7-text wpcf7-validates-as-required\" autocomplete=\"name\" aria-required=\"true\" aria-invalid=\"false\" value=\"\" type=\"text\" name=\"your-name\" \/><\/span> <\/label>\n<\/p>\n<p><label> Votre e-mail<br \/>\n<span class=\"wpcf7-form-control-wrap\" data-name=\"your-email\"><input size=\"40\" class=\"wpcf7-form-control wpcf7-text wpcf7-email wpcf7-validates-as-required wpcf7-validates-as-email\" autocomplete=\"email\" aria-required=\"true\" aria-invalid=\"false\" value=\"\" type=\"email\" name=\"your-email\" \/><\/span> <\/label>\n<\/p>\n<p><label> Objet<br \/>\n<span class=\"wpcf7-form-control-wrap\" data-name=\"your-subject\"><input size=\"40\" class=\"wpcf7-form-control wpcf7-text wpcf7-validates-as-required\" aria-required=\"true\" aria-invalid=\"false\" value=\"\" type=\"text\" name=\"your-subject\" \/><\/span> <\/label>\n<\/p>\n<p><label> Votre message (facultatif)<br \/>\n<span class=\"wpcf7-form-control-wrap\" data-name=\"your-message\"><textarea cols=\"40\" rows=\"10\" class=\"wpcf7-form-control wpcf7-textarea\" aria-invalid=\"false\" name=\"your-message\"><\/textarea><\/span> <\/label>\n<\/p>\n<p><input class=\"wpcf7-form-control has-spinner wpcf7-submit\" type=\"submit\" value=\"Envoyer\" \/>\n<\/p><div class=\"wpcf7-response-output\" aria-hidden=\"true\"><\/div>\n<\/form>\n<\/div>\n<\/div>\n\n\n\n<figure class=\"wp-block-image size-large\"><img decoding=\"async\" loading=\"lazy\" width=\"1024\" height=\"686\" src=\"https:\/\/visiokayak.fr\/wp-content\/uploads\/2023\/03\/mediterranean-650629_1280-1024x686.jpg\" alt=\"\" class=\"wp-image-194\" srcset=\"https:\/\/visiokayak.fr\/wp-content\/uploads\/2023\/03\/mediterranean-650629_1280-1024x686.jpg 1024w, https:\/\/visiokayak.fr\/wp-content\/uploads\/2023\/03\/mediterranean-650629_1280-300x201.jpg 300w, https:\/\/visiokayak.fr\/wp-content\/uploads\/2023\/03\/mediterranean-650629_1280-768x514.jpg 768w, https:\/\/visiokayak.fr\/wp-content\/uploads\/2023\/03\/mediterranean-650629_1280.jpg 1280w\" sizes=\"(max-width: 1024px) 100vw, 1024px\" \/><\/figure>\n","protected":false},"excerpt":{"rendered":"<p>Nous sommes impatients de discuter avec vous de vos besoins en mati\u00e8re de location de kayaks et paddles. Si vous avez des questions, des pr\u00e9occupations ou si vous souhaitez simplement en savoir plus sur nos services, n&rsquo;h\u00e9sitez pas \u00e0 nous contacter par t\u00e9l\u00e9phone. Nos repr\u00e9sentants sont disponibles pour r\u00e9pondre \u00e0 vos appels 7J\/7J de 8h &hellip; <\/p>\n<p class=\"link-more\"><a href=\"https:\/\/visiokayak.fr\/?page_id=14\" class=\"more-link\">Lire la suite de<span class=\"screen-reader-text\">\u00ab\u00a0Contact\u00a0\u00bb<\/span><\/a><\/p>\n","protected":false},"author":1,"featured_media":0,"parent":0,"menu_order":0,"comment_status":"closed","ping_status":"closed","template":"","meta":[],"yoast_head":"<!-- This site is optimized with the Yoast SEO plugin v20.3 - https:\/\/yoast.com\/wordpress\/plugins\/seo\/ -->\n<title>Contact - visiokayak<\/title>\n<meta name=\"description\" content=\"Contactez visiokayak pour toutes question sur la location de kayak \/ paddle transparent et kayak de p\u00eache ou pour toutes r\u00e9servation.\" \/>\n<meta name=\"robots\" content=\"index, follow, max-snippet:-1, max-image-preview:large, max-video-preview:-1\" \/>\n<link rel=\"canonical\" href=\"https:\/\/visiokayak.fr\/?page_id=14\" \/>\n<meta property=\"og:locale\" content=\"fr_FR\" \/>\n<meta property=\"og:type\" content=\"article\" \/>\n<meta property=\"og:title\" content=\"Contact - visiokayak\" \/>\n<meta property=\"og:description\" content=\"Contactez visiokayak pour toutes question sur la location de kayak \/ paddle transparent et kayak de p\u00eache ou pour toutes r\u00e9servation.\" \/>\n<meta property=\"og:url\" content=\"https:\/\/visiokayak.fr\/?page_id=14\" \/>\n<meta property=\"og:site_name\" content=\"visiokayak\" \/>\n<meta property=\"article:modified_time\" content=\"2024-06-29T12:57:50+00:00\" \/>\n<meta property=\"og:image\" content=\"https:\/\/visiokayak.fr\/wp-content\/uploads\/2023\/03\/mediterranean-650629_1280-1024x686.jpg\" \/>\n<meta name=\"twitter:card\" content=\"summary_large_image\" \/>\n<meta name=\"twitter:label1\" content=\"Dur\u00e9e de lecture estim\u00e9e\" \/>\n\t<meta name=\"twitter:data1\" content=\"1 minute\" \/>\n<script type=\"application\/ld+json\" class=\"yoast-schema-graph\">{\"@context\":\"https:\/\/schema.org\",\"@graph\":[{\"@type\":\"WebPage\",\"@id\":\"https:\/\/visiokayak.fr\/?page_id=14\",\"url\":\"https:\/\/visiokayak.fr\/?page_id=14\",\"name\":\"Contact - visiokayak\",\"isPartOf\":{\"@id\":\"https:\/\/visiokayak.fr\/#website\"},\"datePublished\":\"2023-03-03T13:21:26+00:00\",\"dateModified\":\"2024-06-29T12:57:50+00:00\",\"description\":\"Contactez visiokayak pour toutes question sur la location de kayak \/ paddle transparent et kayak de p\u00eache ou pour toutes r\u00e9servation.\",\"breadcrumb\":{\"@id\":\"https:\/\/visiokayak.fr\/?page_id=14#breadcrumb\"},\"inLanguage\":\"fr-FR\",\"potentialAction\":[{\"@type\":\"ReadAction\",\"target\":[\"https:\/\/visiokayak.fr\/?page_id=14\"]}]},{\"@type\":\"BreadcrumbList\",\"@id\":\"https:\/\/visiokayak.fr\/?page_id=14#breadcrumb\",\"itemListElement\":[{\"@type\":\"ListItem\",\"position\":1,\"name\":\"Accueil\",\"item\":\"https:\/\/visiokayak.fr\/\"},{\"@type\":\"ListItem\",\"position\":2,\"name\":\"Contact\"}]},{\"@type\":\"WebSite\",\"@id\":\"https:\/\/visiokayak.fr\/#website\",\"url\":\"https:\/\/visiokayak.fr\/\",\"name\":\"visiokayak\",\"description\":\"essayez-les!! kayak transparent\",\"publisher\":{\"@id\":\"https:\/\/visiokayak.fr\/#organization\"},\"potentialAction\":[{\"@type\":\"SearchAction\",\"target\":{\"@type\":\"EntryPoint\",\"urlTemplate\":\"https:\/\/visiokayak.fr\/?s={search_term_string}\"},\"query-input\":\"required name=search_term_string\"}],\"inLanguage\":\"fr-FR\"},{\"@type\":\"Organization\",\"@id\":\"https:\/\/visiokayak.fr\/#organization\",\"name\":\"visiokayak\",\"url\":\"https:\/\/visiokayak.fr\/\",\"logo\":{\"@type\":\"ImageObject\",\"inLanguage\":\"fr-FR\",\"@id\":\"https:\/\/visiokayak.fr\/#\/schema\/logo\/image\/\",\"url\":\"https:\/\/visiokayak.fr\/wp-content\/uploads\/2023\/03\/170516-Sorgue-11-5.jpg\",\"contentUrl\":\"https:\/\/visiokayak.fr\/wp-content\/uploads\/2023\/03\/170516-Sorgue-11-5.jpg\",\"width\":1600,\"height\":1067,\"caption\":\"visiokayak\"},\"image\":{\"@id\":\"https:\/\/visiokayak.fr\/#\/schema\/logo\/image\/\"}}]}<\/script>\n<!-- \/ Yoast SEO plugin. -->","yoast_head_json":{"title":"Contact - visiokayak","description":"Contactez visiokayak pour toutes question sur la location de kayak \/ paddle transparent et kayak de p\u00eache ou pour toutes r\u00e9servation.","robots":{"index":"index","follow":"follow","max-snippet":"max-snippet:-1","max-image-preview":"max-image-preview:large","max-video-preview":"max-video-preview:-1"},"canonical":"https:\/\/visiokayak.fr\/?page_id=14","og_locale":"fr_FR","og_type":"article","og_title":"Contact - visiokayak","og_description":"Contactez visiokayak pour toutes question sur la location de kayak \/ paddle transparent et kayak de p\u00eache ou pour toutes r\u00e9servation.","og_url":"https:\/\/visiokayak.fr\/?page_id=14","og_site_name":"visiokayak","article_modified_time":"2024-06-29T12:57:50+00:00","og_image":[{"url":"https:\/\/visiokayak.fr\/wp-content\/uploads\/2023\/03\/mediterranean-650629_1280-1024x686.jpg"}],"twitter_card":"summary_large_image","twitter_misc":{"Dur\u00e9e de lecture estim\u00e9e":"1 minute"},"schema":{"@context":"https:\/\/schema.org","@graph":[{"@type":"WebPage","@id":"https:\/\/visiokayak.fr\/?page_id=14","url":"https:\/\/visiokayak.fr\/?page_id=14","name":"Contact - visiokayak","isPartOf":{"@id":"https:\/\/visiokayak.fr\/#website"},"datePublished":"2023-03-03T13:21:26+00:00","dateModified":"2024-06-29T12:57:50+00:00","description":"Contactez visiokayak pour toutes question sur la location de kayak \/ paddle transparent et kayak de p\u00eache ou pour toutes r\u00e9servation.","breadcrumb":{"@id":"https:\/\/visiokayak.fr\/?page_id=14#breadcrumb"},"inLanguage":"fr-FR","potentialAction":[{"@type":"ReadAction","target":["https:\/\/visiokayak.fr\/?page_id=14"]}]},{"@type":"BreadcrumbList","@id":"https:\/\/visiokayak.fr\/?page_id=14#breadcrumb","itemListElement":[{"@type":"ListItem","position":1,"name":"Accueil","item":"https:\/\/visiokayak.fr\/"},{"@type":"ListItem","position":2,"name":"Contact"}]},{"@type":"WebSite","@id":"https:\/\/visiokayak.fr\/#website","url":"https:\/\/visiokayak.fr\/","name":"visiokayak","description":"essayez-les!! kayak transparent","publisher":{"@id":"https:\/\/visiokayak.fr\/#organization"},"potentialAction":[{"@type":"SearchAction","target":{"@type":"EntryPoint","urlTemplate":"https:\/\/visiokayak.fr\/?s={search_term_string}"},"query-input":"required name=search_term_string"}],"inLanguage":"fr-FR"},{"@type":"Organization","@id":"https:\/\/visiokayak.fr\/#organization","name":"visiokayak","url":"https:\/\/visiokayak.fr\/","logo":{"@type":"ImageObject","inLanguage":"fr-FR","@id":"https:\/\/visiokayak.fr\/#\/schema\/logo\/image\/","url":"https:\/\/visiokayak.fr\/wp-content\/uploads\/2023\/03\/170516-Sorgue-11-5.jpg","contentUrl":"https:\/\/visiokayak.fr\/wp-content\/uploads\/2023\/03\/170516-Sorgue-11-5.jpg","width":1600,"height":1067,"caption":"visiokayak"},"image":{"@id":"https:\/\/visiokayak.fr\/#\/schema\/logo\/image\/"}}]}},"_links":{"self":[{"href":"https:\/\/visiokayak.fr\/index.php?rest_route=\/wp\/v2\/pages\/14"}],"collection":[{"href":"https:\/\/visiokayak.fr\/index.php?rest_route=\/wp\/v2\/pages"}],"about":[{"href":"https:\/\/visiokayak.fr\/index.php?rest_route=\/wp\/v2\/types\/page"}],"author":[{"embeddable":true,"href":"https:\/\/visiokayak.fr\/index.php?rest_route=\/wp\/v2\/users\/1"}],"replies":[{"embeddable":true,"href":"https:\/\/visiokayak.fr\/index.php?rest_route=%2Fwp%2Fv2%2Fcomments&post=14"}],"version-history":[{"count":12,"href":"https:\/\/visiokayak.fr\/index.php?rest_route=\/wp\/v2\/pages\/14\/revisions"}],"predecessor-version":[{"id":239,"href":"https:\/\/visiokayak.fr\/index.php?rest_route=\/wp\/v2\/pages\/14\/revisions\/239"}],"wp:attachment":[{"href":"https:\/\/visiokayak.fr\/index.php?rest_route=%2Fwp%2Fv2%2Fmedia&parent=14"}],"curies":[{"name":"wp","href":"https:\/\/api.w.org\/{rel}","templated":true}]}}