{"id":138,"date":"2023-03-10T16:11:34","date_gmt":"2023-03-10T16:11:34","guid":{"rendered":"https:\/\/visiokayak.fr\/?page_id=138"},"modified":"2023-04-07T09:13:53","modified_gmt":"2023-04-07T09:13:53","slug":"reservation","status":"publish","type":"page","link":"https:\/\/visiokayak.fr\/?page_id=138","title":{"rendered":"R\u00e9servation"},"content":{"rendered":"\n<p>Nous vous livrons votre kayak directement au bord l&rsquo;eau!!<\/p>\n\n\n\n<p>Pour toute r\u00e9servation, plusieurs possibilit\u00e9:<\/p>\n\n\n\n<p>-Contactez-nous via le formulaire de contact, avec l&rsquo;heure, la date souhait\u00e9, le nombre de kayak\/paddle plus votre num\u00e9ro de t\u00e9l\u00e9phone.<\/p>\n\n\n\n<p>-Ou par t\u00e9l\u00e9phone au 07 61 62 67 00<\/p>\n\n\n\n<figure class=\"wp-block-image size-large\"><img decoding=\"async\" loading=\"lazy\" width=\"979\" height=\"1024\" src=\"http:\/\/visiokayak.fr\/wp-content\/uploads\/2023\/04\/cropped-image_6487327-3-scaled-2-979x1024.jpg\" alt=\"\" class=\"wp-image-243\" srcset=\"https:\/\/visiokayak.fr\/wp-content\/uploads\/2023\/04\/cropped-image_6487327-3-scaled-2-979x1024.jpg 979w, https:\/\/visiokayak.fr\/wp-content\/uploads\/2023\/04\/cropped-image_6487327-3-scaled-2-287x300.jpg 287w, https:\/\/visiokayak.fr\/wp-content\/uploads\/2023\/04\/cropped-image_6487327-3-scaled-2-768x803.jpg 768w, https:\/\/visiokayak.fr\/wp-content\/uploads\/2023\/04\/cropped-image_6487327-3-scaled-2-1469x1536.jpg 1469w, https:\/\/visiokayak.fr\/wp-content\/uploads\/2023\/04\/cropped-image_6487327-3-scaled-2-1959x2048.jpg 1959w, https:\/\/visiokayak.fr\/wp-content\/uploads\/2023\/04\/cropped-image_6487327-3-scaled-2.jpg 2000w\" sizes=\"(max-width: 979px) 100vw, 979px\" \/><\/figure>\n","protected":false},"excerpt":{"rendered":"<p>Nous vous livrons votre kayak directement au bord l&rsquo;eau!! Pour toute r\u00e9servation, plusieurs possibilit\u00e9: -Contactez-nous via le formulaire de contact, avec l&rsquo;heure, la date souhait\u00e9, le nombre de kayak\/paddle plus votre num\u00e9ro de t\u00e9l\u00e9phone. -Ou par t\u00e9l\u00e9phone au 07 61 62 67 00<\/p>\n","protected":false},"author":1,"featured_media":0,"parent":0,"menu_order":0,"comment_status":"closed","ping_status":"closed","template":"","meta":[],"yoast_head":"<!-- This site is optimized with the Yoast SEO plugin v20.3 - https:\/\/yoast.com\/wordpress\/plugins\/seo\/ -->\n<title>r\u00e9servez votre kayak et paddle transparent ou kayak de p\u00eache<\/title>\n<meta name=\"description\" content=\"N&#039;attendez plus\u202f! et r\u00e9servez votre kayak transparent \/ paddle transparent ou kayak de p\u00eache sur Six-Fours-Les-Plages, Sanary et Bandol.\" \/>\n<meta name=\"robots\" content=\"index, follow, max-snippet:-1, max-image-preview:large, max-video-preview:-1\" \/>\n<link rel=\"canonical\" href=\"https:\/\/visiokayak.fr\/?page_id=138\" \/>\n<meta property=\"og:locale\" content=\"fr_FR\" \/>\n<meta property=\"og:type\" content=\"article\" \/>\n<meta property=\"og:title\" content=\"r\u00e9servez votre kayak et paddle transparent ou kayak de p\u00eache\" \/>\n<meta property=\"og:description\" content=\"N&#039;attendez plus\u202f! et r\u00e9servez votre kayak transparent \/ paddle transparent ou kayak de p\u00eache sur Six-Fours-Les-Plages, Sanary et Bandol.\" \/>\n<meta property=\"og:url\" content=\"https:\/\/visiokayak.fr\/?page_id=138\" \/>\n<meta property=\"og:site_name\" content=\"visiokayak\" \/>\n<meta property=\"article:modified_time\" content=\"2023-04-07T09:13:53+00:00\" \/>\n<meta property=\"og:image\" content=\"http:\/\/visiokayak.fr\/wp-content\/uploads\/2023\/04\/cropped-image_6487327-3-scaled-2-979x1024.jpg\" \/>\n<meta name=\"twitter:card\" content=\"summary_large_image\" \/>\n<meta name=\"twitter:label1\" content=\"Dur\u00e9e de lecture estim\u00e9e\" \/>\n\t<meta name=\"twitter:data1\" content=\"1 minute\" \/>\n<script type=\"application\/ld+json\" class=\"yoast-schema-graph\">{\"@context\":\"https:\/\/schema.org\",\"@graph\":[{\"@type\":\"WebPage\",\"@id\":\"https:\/\/visiokayak.fr\/?page_id=138\",\"url\":\"https:\/\/visiokayak.fr\/?page_id=138\",\"name\":\"r\u00e9servez votre kayak et paddle transparent ou kayak de p\u00eache\",\"isPartOf\":{\"@id\":\"https:\/\/visiokayak.fr\/#website\"},\"datePublished\":\"2023-03-10T16:11:34+00:00\",\"dateModified\":\"2023-04-07T09:13:53+00:00\",\"description\":\"N'attendez plus\u202f! et r\u00e9servez votre kayak transparent \/ paddle transparent ou kayak de p\u00eache sur Six-Fours-Les-Plages, Sanary et Bandol.\",\"breadcrumb\":{\"@id\":\"https:\/\/visiokayak.fr\/?page_id=138#breadcrumb\"},\"inLanguage\":\"fr-FR\",\"potentialAction\":[{\"@type\":\"ReadAction\",\"target\":[\"https:\/\/visiokayak.fr\/?page_id=138\"]}]},{\"@type\":\"BreadcrumbList\",\"@id\":\"https:\/\/visiokayak.fr\/?page_id=138#breadcrumb\",\"itemListElement\":[{\"@type\":\"ListItem\",\"position\":1,\"name\":\"Accueil\",\"item\":\"https:\/\/visiokayak.fr\/\"},{\"@type\":\"ListItem\",\"position\":2,\"name\":\"R\u00e9servation\"}]},{\"@type\":\"WebSite\",\"@id\":\"https:\/\/visiokayak.fr\/#website\",\"url\":\"https:\/\/visiokayak.fr\/\",\"name\":\"visiokayak\",\"description\":\"essayez-les!! kayak transparent\",\"publisher\":{\"@id\":\"https:\/\/visiokayak.fr\/#organization\"},\"potentialAction\":[{\"@type\":\"SearchAction\",\"target\":{\"@type\":\"EntryPoint\",\"urlTemplate\":\"https:\/\/visiokayak.fr\/?s={search_term_string}\"},\"query-input\":\"required name=search_term_string\"}],\"inLanguage\":\"fr-FR\"},{\"@type\":\"Organization\",\"@id\":\"https:\/\/visiokayak.fr\/#organization\",\"name\":\"visiokayak\",\"url\":\"https:\/\/visiokayak.fr\/\",\"logo\":{\"@type\":\"ImageObject\",\"inLanguage\":\"fr-FR\",\"@id\":\"https:\/\/visiokayak.fr\/#\/schema\/logo\/image\/\",\"url\":\"https:\/\/visiokayak.fr\/wp-content\/uploads\/2023\/03\/170516-Sorgue-11-5.jpg\",\"contentUrl\":\"https:\/\/visiokayak.fr\/wp-content\/uploads\/2023\/03\/170516-Sorgue-11-5.jpg\",\"width\":1600,\"height\":1067,\"caption\":\"visiokayak\"},\"image\":{\"@id\":\"https:\/\/visiokayak.fr\/#\/schema\/logo\/image\/\"}}]}<\/script>\n<!-- \/ Yoast SEO plugin. -->","yoast_head_json":{"title":"r\u00e9servez votre kayak et paddle transparent ou kayak de p\u00eache","description":"N'attendez plus\u202f! et r\u00e9servez votre kayak transparent \/ paddle transparent ou kayak de p\u00eache sur Six-Fours-Les-Plages, Sanary et Bandol.","robots":{"index":"index","follow":"follow","max-snippet":"max-snippet:-1","max-image-preview":"max-image-preview:large","max-video-preview":"max-video-preview:-1"},"canonical":"https:\/\/visiokayak.fr\/?page_id=138","og_locale":"fr_FR","og_type":"article","og_title":"r\u00e9servez votre kayak et paddle transparent ou kayak de p\u00eache","og_description":"N'attendez plus\u202f! et r\u00e9servez votre kayak transparent \/ paddle transparent ou kayak de p\u00eache sur Six-Fours-Les-Plages, Sanary et Bandol.","og_url":"https:\/\/visiokayak.fr\/?page_id=138","og_site_name":"visiokayak","article_modified_time":"2023-04-07T09:13:53+00:00","og_image":[{"url":"http:\/\/visiokayak.fr\/wp-content\/uploads\/2023\/04\/cropped-image_6487327-3-scaled-2-979x1024.jpg"}],"twitter_card":"summary_large_image","twitter_misc":{"Dur\u00e9e de lecture estim\u00e9e":"1 minute"},"schema":{"@context":"https:\/\/schema.org","@graph":[{"@type":"WebPage","@id":"https:\/\/visiokayak.fr\/?page_id=138","url":"https:\/\/visiokayak.fr\/?page_id=138","name":"r\u00e9servez votre kayak et paddle transparent ou kayak de p\u00eache","isPartOf":{"@id":"https:\/\/visiokayak.fr\/#website"},"datePublished":"2023-03-10T16:11:34+00:00","dateModified":"2023-04-07T09:13:53+00:00","description":"N'attendez plus\u202f! et r\u00e9servez votre kayak transparent \/ paddle transparent ou kayak de p\u00eache sur Six-Fours-Les-Plages, Sanary et Bandol.","breadcrumb":{"@id":"https:\/\/visiokayak.fr\/?page_id=138#breadcrumb"},"inLanguage":"fr-FR","potentialAction":[{"@type":"ReadAction","target":["https:\/\/visiokayak.fr\/?page_id=138"]}]},{"@type":"BreadcrumbList","@id":"https:\/\/visiokayak.fr\/?page_id=138#breadcrumb","itemListElement":[{"@type":"ListItem","position":1,"name":"Accueil","item":"https:\/\/visiokayak.fr\/"},{"@type":"ListItem","position":2,"name":"R\u00e9servation"}]},{"@type":"WebSite","@id":"https:\/\/visiokayak.fr\/#website","url":"https:\/\/visiokayak.fr\/","name":"visiokayak","description":"essayez-les!! kayak transparent","publisher":{"@id":"https:\/\/visiokayak.fr\/#organization"},"potentialAction":[{"@type":"SearchAction","target":{"@type":"EntryPoint","urlTemplate":"https:\/\/visiokayak.fr\/?s={search_term_string}"},"query-input":"required name=search_term_string"}],"inLanguage":"fr-FR"},{"@type":"Organization","@id":"https:\/\/visiokayak.fr\/#organization","name":"visiokayak","url":"https:\/\/visiokayak.fr\/","logo":{"@type":"ImageObject","inLanguage":"fr-FR","@id":"https:\/\/visiokayak.fr\/#\/schema\/logo\/image\/","url":"https:\/\/visiokayak.fr\/wp-content\/uploads\/2023\/03\/170516-Sorgue-11-5.jpg","contentUrl":"https:\/\/visiokayak.fr\/wp-content\/uploads\/2023\/03\/170516-Sorgue-11-5.jpg","width":1600,"height":1067,"caption":"visiokayak"},"image":{"@id":"https:\/\/visiokayak.fr\/#\/schema\/logo\/image\/"}}]}},"_links":{"self":[{"href":"https:\/\/visiokayak.fr\/index.php?rest_route=\/wp\/v2\/pages\/138"}],"collection":[{"href":"https:\/\/visiokayak.fr\/index.php?rest_route=\/wp\/v2\/pages"}],"about":[{"href":"https:\/\/visiokayak.fr\/index.php?rest_route=\/wp\/v2\/types\/page"}],"author":[{"embeddable":true,"href":"https:\/\/visiokayak.fr\/index.php?rest_route=\/wp\/v2\/users\/1"}],"replies":[{"embeddable":true,"href":"https:\/\/visiokayak.fr\/index.php?rest_route=%2Fwp%2Fv2%2Fcomments&post=138"}],"version-history":[{"count":5,"href":"https:\/\/visiokayak.fr\/index.php?rest_route=\/wp\/v2\/pages\/138\/revisions"}],"predecessor-version":[{"id":262,"href":"https:\/\/visiokayak.fr\/index.php?rest_route=\/wp\/v2\/pages\/138\/revisions\/262"}],"wp:attachment":[{"href":"https:\/\/visiokayak.fr\/index.php?rest_route=%2Fwp%2Fv2%2Fmedia&parent=138"}],"curies":[{"name":"wp","href":"https:\/\/api.w.org\/{rel}","templated":true}]}}