{"id":12,"date":"2026-01-08T20:37:17","date_gmt":"2026-01-08T20:37:17","guid":{"rendered":"https:\/\/visiokayak.fr\/?page_id=12"},"modified":"2026-01-08T21:38:33","modified_gmt":"2026-01-08T21:38:33","slug":"location-kayak-et-paddle-transparent-six-fours-les-plages-le-brusc-bandol","status":"publish","type":"page","link":"https:\/\/visiokayak.fr\/","title":{"rendered":"Exp\u00e9rience unique, aventure et \u00e9merveillement \u00e0 Six fours les plages &#8211; Le Brusc"},"content":{"rendered":"\n<div class=\"is-layout-flex wp-container-4 wp-block-columns are-vertically-aligned-top\">\n<div class=\"is-layout-flow wp-block-column is-vertically-aligned-top\">\n<h2>\u00c0 la recherche d&rsquo;une activit\u00e9 fun et relaxante?<\/h2>\n\n\n\n<div class=\"is-layout-flex wp-container-2 wp-block-columns\">\n<div class=\"is-layout-flow wp-block-column\">\n<div class=\"wp-block-cover is-light\" style=\"min-height:336px\"><span aria-hidden=\"true\" class=\"wp-block-cover__background has-background-dim-40 has-background-dim\"><\/span><img decoding=\"async\" loading=\"lazy\" width=\"792\" height=\"1024\" class=\"wp-block-cover__image-background wp-image-311\" alt=\"\" src=\"http:\/\/visiokayak.fr\/wp-content\/uploads\/2026\/01\/IMG_9014-792x1024.jpg\" style=\"object-position:32% 51%\" data-object-fit=\"cover\" data-object-position=\"32% 51%\" srcset=\"https:\/\/visiokayak.fr\/wp-content\/uploads\/2026\/01\/IMG_9014-792x1024.jpg 792w, https:\/\/visiokayak.fr\/wp-content\/uploads\/2026\/01\/IMG_9014-232x300.jpg 232w, https:\/\/visiokayak.fr\/wp-content\/uploads\/2026\/01\/IMG_9014.jpg 1165w\" sizes=\"(max-width: 792px) 100vw, 792px\" \/><div class=\"wp-block-cover__inner-container\">\n<p class=\"has-text-align-center has-large-font-size\"><\/p>\n<\/div><\/div>\n\n\n\n<p>Nos kayaks et paddles transparents vous permettent de profiter de la Mer M\u00e9diterran\u00e9e  en toute tranquillit\u00e9 tout en observant la vie sous-marine.<\/p>\n\n\n\n<p>Une exp\u00e9rience ludique, id\u00e9al pour les familles, les couples et les groupes d&rsquo;amis.<\/p>\n\n\n\n<p><strong>Sourires et souvenirs garantis!<\/strong><\/p>\n\n\n\n<p>Pas de panique&#8230; Nous vous livrons vos kayaks et paddles directement au bord de l&rsquo;eau!!<\/p>\n<\/div>\n<\/div>\n<\/div>\n<\/div>\n\n\n\n<p>Louez un kayak ou paddle transparent et passez un bon moment en couple, en famille ou entre amis.<\/p>\n\n\n\n<p>D\u00e9couvrez l&rsquo;\u00eele des Embiez, l&rsquo;\u00eele nature avec ses 95 hectares accessible toute l&rsquo;ann\u00e9e <\/p>\n\n\n\n<p>Nous vous fournirons toutes les informations n\u00e9cessaires concernant la s\u00e9curit\u00e9 et les r\u00e8gles de navigation avant votre d\u00e9part. Nous sommes \u00e9galement \u00e0 votre disposition pour r\u00e9pondre \u00e0 toutes vos questions.<\/p>\n\n\n\n<p>Nous sommes impatients de vous accueillir pour quelques heures, demi-journ\u00e9e ou journ\u00e9e m\u00e9morable et inoubliable !<\/p>\n\n\n\n<div class=\"is-layout-flex wp-container-7 wp-block-columns\">\n<div class=\"is-layout-flow wp-block-column\"><\/div>\n\n\n\n<div class=\"is-layout-flow wp-block-column\">\n<figure class=\"wp-block-image size-large\"><img decoding=\"async\" loading=\"lazy\" width=\"768\" height=\"1024\" src=\"http:\/\/visiokayak.fr\/wp-content\/uploads\/2023\/04\/image_67230465-768x1024.jpg\" alt=\"\" class=\"wp-image-247\" srcset=\"https:\/\/visiokayak.fr\/wp-content\/uploads\/2023\/04\/image_67230465-768x1024.jpg 768w, https:\/\/visiokayak.fr\/wp-content\/uploads\/2023\/04\/image_67230465-225x300.jpg 225w, https:\/\/visiokayak.fr\/wp-content\/uploads\/2023\/04\/image_67230465-1152x1536.jpg 1152w, https:\/\/visiokayak.fr\/wp-content\/uploads\/2023\/04\/image_67230465-1536x2048.jpg 1536w, https:\/\/visiokayak.fr\/wp-content\/uploads\/2023\/04\/image_67230465-scaled.jpg 1920w\" sizes=\"(max-width: 768px) 100vw, 768px\" \/><\/figure>\n<\/div>\n<\/div>\n\n\n\n<h2>Rejoignez-nous sur Tiktok Visiokayak<\/h2>\n\n\n\n<figure class=\"wp-block-video\"><video controls src=\"http:\/\/visiokayak.fr\/wp-content\/uploads\/2026\/01\/v0f044gc0000cqcjnb7og65pruab9c80.mp4\"><\/video><\/figure>\n","protected":false},"excerpt":{"rendered":"<p>\u00c0 la recherche d&rsquo;une activit\u00e9 fun et relaxante? Nos kayaks et paddles transparents vous permettent de profiter de la Mer M\u00e9diterran\u00e9e en toute tranquillit\u00e9 tout en observant la vie sous-marine. Une exp\u00e9rience ludique, id\u00e9al pour les familles, les couples et les groupes d&rsquo;amis. Sourires et souvenirs garantis! Pas de panique&#8230; Nous vous livrons vos kayaks &hellip; <\/p>\n<p class=\"link-more\"><a href=\"https:\/\/visiokayak.fr\/\" class=\"more-link\">Lire la suite de<span class=\"screen-reader-text\">\u00ab\u00a0Exp\u00e9rience unique, aventure et \u00e9merveillement \u00e0 Six fours les plages &#8211; Le Brusc\u00a0\u00bb<\/span><\/a><\/p>\n","protected":false},"author":1,"featured_media":304,"parent":0,"menu_order":0,"comment_status":"closed","ping_status":"closed","template":"","meta":[],"yoast_head":"<!-- This site is optimized with the Yoast SEO plugin v20.3 - https:\/\/yoast.com\/wordpress\/plugins\/seo\/ -->\n<title>Location paddle et kayak transparent Six Fours les plages Le Brusc<\/title>\n<meta name=\"description\" content=\"100% transparent, 100% magique... Activit\u00e9 incontournable \u00e0 d\u00e9couvrir chez VisioKayak ! Venez partager un moment inoubliable\" \/>\n<meta name=\"robots\" content=\"index, follow, max-snippet:-1, max-image-preview:large, max-video-preview:-1\" \/>\n<link rel=\"canonical\" href=\"https:\/\/visiokayak.fr\/\" \/>\n<meta property=\"og:locale\" content=\"fr_FR\" \/>\n<meta property=\"og:type\" content=\"article\" \/>\n<meta property=\"og:title\" content=\"Location paddle et kayak transparent Six Fours les plages Le Brusc\" \/>\n<meta property=\"og:description\" content=\"100% transparent, 100% magique... Activit\u00e9 incontournable \u00e0 d\u00e9couvrir chez VisioKayak ! Venez partager un moment inoubliable\" \/>\n<meta property=\"og:url\" content=\"https:\/\/visiokayak.fr\/\" \/>\n<meta property=\"og:site_name\" content=\"visiokayak\" \/>\n<meta property=\"article:modified_time\" content=\"2026-01-08T21:38:33+00:00\" \/>\n<meta property=\"og:image\" content=\"http:\/\/visiokayak.fr\/wp-content\/uploads\/2026\/01\/IMG_9011.jpg\" \/>\n\t<meta property=\"og:image:width\" content=\"1235\" \/>\n\t<meta property=\"og:image:height\" content=\"931\" \/>\n\t<meta property=\"og:image:type\" content=\"image\/jpeg\" \/>\n<meta name=\"twitter:card\" content=\"summary_large_image\" \/>\n<meta name=\"twitter:label1\" content=\"Dur\u00e9e de lecture estim\u00e9e\" \/>\n\t<meta name=\"twitter:data1\" content=\"2 minutes\" \/>\n<script type=\"application\/ld+json\" class=\"yoast-schema-graph\">{\"@context\":\"https:\/\/schema.org\",\"@graph\":[{\"@type\":\"WebPage\",\"@id\":\"https:\/\/visiokayak.fr\/\",\"url\":\"https:\/\/visiokayak.fr\/\",\"name\":\"Location paddle et kayak transparent Six Fours les plages Le Brusc\",\"isPartOf\":{\"@id\":\"https:\/\/visiokayak.fr\/#website\"},\"datePublished\":\"2026-01-08T20:37:17+00:00\",\"dateModified\":\"2026-01-08T21:38:33+00:00\",\"description\":\"100% transparent, 100% magique... Activit\u00e9 incontournable \u00e0 d\u00e9couvrir chez VisioKayak ! Venez partager un moment inoubliable\",\"breadcrumb\":{\"@id\":\"https:\/\/visiokayak.fr\/#breadcrumb\"},\"inLanguage\":\"fr-FR\",\"potentialAction\":[{\"@type\":\"ReadAction\",\"target\":[\"https:\/\/visiokayak.fr\/\"]}]},{\"@type\":\"BreadcrumbList\",\"@id\":\"https:\/\/visiokayak.fr\/#breadcrumb\",\"itemListElement\":[{\"@type\":\"ListItem\",\"position\":1,\"name\":\"Accueil\",\"item\":\"https:\/\/visiokayak.fr\/\"},{\"@type\":\"ListItem\",\"position\":2,\"name\":\"Exp\u00e9rience unique, aventure et \u00e9merveillement \u00e0 Six fours les plages &#8211; Le Brusc\"}]},{\"@type\":\"WebSite\",\"@id\":\"https:\/\/visiokayak.fr\/#website\",\"url\":\"https:\/\/visiokayak.fr\/\",\"name\":\"visiokayak\",\"description\":\"essayez-les!! kayak transparent\",\"publisher\":{\"@id\":\"https:\/\/visiokayak.fr\/#organization\"},\"potentialAction\":[{\"@type\":\"SearchAction\",\"target\":{\"@type\":\"EntryPoint\",\"urlTemplate\":\"https:\/\/visiokayak.fr\/?s={search_term_string}\"},\"query-input\":\"required name=search_term_string\"}],\"inLanguage\":\"fr-FR\"},{\"@type\":\"Organization\",\"@id\":\"https:\/\/visiokayak.fr\/#organization\",\"name\":\"visiokayak\",\"url\":\"https:\/\/visiokayak.fr\/\",\"logo\":{\"@type\":\"ImageObject\",\"inLanguage\":\"fr-FR\",\"@id\":\"https:\/\/visiokayak.fr\/#\/schema\/logo\/image\/\",\"url\":\"https:\/\/visiokayak.fr\/wp-content\/uploads\/2023\/03\/170516-Sorgue-11-5.jpg\",\"contentUrl\":\"https:\/\/visiokayak.fr\/wp-content\/uploads\/2023\/03\/170516-Sorgue-11-5.jpg\",\"width\":1600,\"height\":1067,\"caption\":\"visiokayak\"},\"image\":{\"@id\":\"https:\/\/visiokayak.fr\/#\/schema\/logo\/image\/\"}}]}<\/script>\n<!-- \/ Yoast SEO plugin. -->","yoast_head_json":{"title":"Location paddle et kayak transparent Six Fours les plages Le Brusc","description":"100% transparent, 100% magique... Activit\u00e9 incontournable \u00e0 d\u00e9couvrir chez VisioKayak ! Venez partager un moment inoubliable","robots":{"index":"index","follow":"follow","max-snippet":"max-snippet:-1","max-image-preview":"max-image-preview:large","max-video-preview":"max-video-preview:-1"},"canonical":"https:\/\/visiokayak.fr\/","og_locale":"fr_FR","og_type":"article","og_title":"Location paddle et kayak transparent Six Fours les plages Le Brusc","og_description":"100% transparent, 100% magique... Activit\u00e9 incontournable \u00e0 d\u00e9couvrir chez VisioKayak ! Venez partager un moment inoubliable","og_url":"https:\/\/visiokayak.fr\/","og_site_name":"visiokayak","article_modified_time":"2026-01-08T21:38:33+00:00","og_image":[{"width":1235,"height":931,"url":"http:\/\/visiokayak.fr\/wp-content\/uploads\/2026\/01\/IMG_9011.jpg","type":"image\/jpeg"}],"twitter_card":"summary_large_image","twitter_misc":{"Dur\u00e9e de lecture estim\u00e9e":"2 minutes"},"schema":{"@context":"https:\/\/schema.org","@graph":[{"@type":"WebPage","@id":"https:\/\/visiokayak.fr\/","url":"https:\/\/visiokayak.fr\/","name":"Location paddle et kayak transparent Six Fours les plages Le Brusc","isPartOf":{"@id":"https:\/\/visiokayak.fr\/#website"},"datePublished":"2026-01-08T20:37:17+00:00","dateModified":"2026-01-08T21:38:33+00:00","description":"100% transparent, 100% magique... Activit\u00e9 incontournable \u00e0 d\u00e9couvrir chez VisioKayak ! Venez partager un moment inoubliable","breadcrumb":{"@id":"https:\/\/visiokayak.fr\/#breadcrumb"},"inLanguage":"fr-FR","potentialAction":[{"@type":"ReadAction","target":["https:\/\/visiokayak.fr\/"]}]},{"@type":"BreadcrumbList","@id":"https:\/\/visiokayak.fr\/#breadcrumb","itemListElement":[{"@type":"ListItem","position":1,"name":"Accueil","item":"https:\/\/visiokayak.fr\/"},{"@type":"ListItem","position":2,"name":"Exp\u00e9rience unique, aventure et \u00e9merveillement \u00e0 Six fours les plages &#8211; Le Brusc"}]},{"@type":"WebSite","@id":"https:\/\/visiokayak.fr\/#website","url":"https:\/\/visiokayak.fr\/","name":"visiokayak","description":"essayez-les!! kayak transparent","publisher":{"@id":"https:\/\/visiokayak.fr\/#organization"},"potentialAction":[{"@type":"SearchAction","target":{"@type":"EntryPoint","urlTemplate":"https:\/\/visiokayak.fr\/?s={search_term_string}"},"query-input":"required name=search_term_string"}],"inLanguage":"fr-FR"},{"@type":"Organization","@id":"https:\/\/visiokayak.fr\/#organization","name":"visiokayak","url":"https:\/\/visiokayak.fr\/","logo":{"@type":"ImageObject","inLanguage":"fr-FR","@id":"https:\/\/visiokayak.fr\/#\/schema\/logo\/image\/","url":"https:\/\/visiokayak.fr\/wp-content\/uploads\/2023\/03\/170516-Sorgue-11-5.jpg","contentUrl":"https:\/\/visiokayak.fr\/wp-content\/uploads\/2023\/03\/170516-Sorgue-11-5.jpg","width":1600,"height":1067,"caption":"visiokayak"},"image":{"@id":"https:\/\/visiokayak.fr\/#\/schema\/logo\/image\/"}}]}},"_links":{"self":[{"href":"https:\/\/visiokayak.fr\/index.php?rest_route=\/wp\/v2\/pages\/12"}],"collection":[{"href":"https:\/\/visiokayak.fr\/index.php?rest_route=\/wp\/v2\/pages"}],"about":[{"href":"https:\/\/visiokayak.fr\/index.php?rest_route=\/wp\/v2\/types\/page"}],"author":[{"embeddable":true,"href":"https:\/\/visiokayak.fr\/index.php?rest_route=\/wp\/v2\/users\/1"}],"replies":[{"embeddable":true,"href":"https:\/\/visiokayak.fr\/index.php?rest_route=%2Fwp%2Fv2%2Fcomments&post=12"}],"version-history":[{"count":72,"href":"https:\/\/visiokayak.fr\/index.php?rest_route=\/wp\/v2\/pages\/12\/revisions"}],"predecessor-version":[{"id":341,"href":"https:\/\/visiokayak.fr\/index.php?rest_route=\/wp\/v2\/pages\/12\/revisions\/341"}],"wp:featuredmedia":[{"embeddable":true,"href":"https:\/\/visiokayak.fr\/index.php?rest_route=\/wp\/v2\/media\/304"}],"wp:attachment":[{"href":"https:\/\/visiokayak.fr\/index.php?rest_route=%2Fwp%2Fv2%2Fmedia&parent=12"}],"curies":[{"name":"wp","href":"https:\/\/api.w.org\/{rel}","templated":true}]}}